{"id":1190,"date":"2026-01-15T15:48:35","date_gmt":"2026-01-15T18:48:35","guid":{"rendered":"https:\/\/fimar.com.ar\/expo\/?page_id=1190"},"modified":"2026-02-20T13:10:47","modified_gmt":"2026-02-20T16:10:47","slug":"4-bases-y-condiciones-sma","status":"publish","type":"page","link":"https:\/\/fimar.com.ar\/expo\/4-bases-y-condiciones-sma\/","title":{"rendered":"4 BASES Y CONDICIONES SMA"},"content":{"rendered":"\t\t<div data-elementor-type=\"wp-page\" data-elementor-id=\"1190\" class=\"elementor elementor-1190\" data-elementor-post-type=\"page\">\n\t\t\t\t<div class=\"elementor-element elementor-element-f32d094 e-flex e-con-boxed e-con e-parent\" data-id=\"f32d094\" data-element_type=\"container\" data-e-type=\"container\" data-settings=\"{&quot;background_background&quot;:&quot;classic&quot;}\">\n\t\t\t\t\t<div class=\"e-con-inner\">\n\t\t<div class=\"elementor-element elementor-element-9bb9543 e-con-full e-flex e-con e-child\" data-id=\"9bb9543\" data-element_type=\"container\" data-e-type=\"container\" data-settings=\"{&quot;background_background&quot;:&quot;classic&quot;}\">\n\t\t\t\t<div class=\"elementor-element elementor-element-18a637e elementor-widget elementor-widget-html\" data-id=\"18a637e\" data-element_type=\"widget\" data-e-type=\"widget\" data-widget_type=\"html.default\">\n\t\t\t\t<div class=\"elementor-widget-container\">\n\t\t\t\t\t<body>\r\n    <h1 style=\"font-size: 16px; color: white;\">\r\n        <marquee>SMA 2026 | 19\u00b0 EDICI\u00d3N<\/marquee>\r\n    <\/h1>\r\n<\/body>\r\n\t\t\t\t<\/div>\n\t\t\t\t<\/div>\n\t\t\t\t<\/div>\n\t\t\t\t\t<\/div>\n\t\t\t\t<\/div>\n\t\t<div class=\"elementor-element elementor-element-a6d0462 e-flex e-con-boxed e-con e-parent\" data-id=\"a6d0462\" data-element_type=\"container\" data-e-type=\"container\">\n\t\t\t\t\t<div class=\"e-con-inner\">\n\t\t\t\t<div class=\"elementor-element elementor-element-91f929b elementor-widget elementor-widget-heading\" data-id=\"91f929b\" data-element_type=\"widget\" data-e-type=\"widget\" data-widget_type=\"heading.default\">\n\t\t\t\t<div class=\"elementor-widget-container\">\n\t\t\t\t\t<h1 class=\"elementor-heading-title elementor-size-default\">BASES Y CONDICIONES <\/h1>\t\t\t\t<\/div>\n\t\t\t\t<\/div>\n\t\t\t\t\t<\/div>\n\t\t\t\t<\/div>\n\t\t<div class=\"elementor-element elementor-element-15f7b64 e-flex e-con-boxed e-con e-parent\" data-id=\"15f7b64\" data-element_type=\"container\" data-e-type=\"container\">\n\t\t\t\t\t<div class=\"e-con-inner\">\n\t\t\t\t<div class=\"elementor-element elementor-element-b826721 elementor-widget elementor-widget-heading\" data-id=\"b826721\" data-element_type=\"widget\" data-e-type=\"widget\" data-widget_type=\"heading.default\">\n\t\t\t\t<div class=\"elementor-widget-container\">\n\t\t\t\t\t<h1 class=\"elementor-heading-title elementor-size-default\"><span style=\"color: #000000\">\u00bfQu\u00e9 es el SMA?<\/span><\/h1>\t\t\t\t<\/div>\n\t\t\t\t<\/div>\n\t\t\t\t<div class=\"elementor-element elementor-element-a32ea1e elementor-widget elementor-widget-text-editor\" data-id=\"a32ea1e\" data-element_type=\"widget\" data-e-type=\"widget\" data-widget_type=\"text-editor.default\">\n\t\t\t\t<div class=\"elementor-widget-container\">\n\t\t\t\t\t\t\t\t\t<p><span style=\"color: #000000;\">SMA es el Sal\u00f3n del Mueble Asoma, es una de las l\u00edneas estrat\u00e9gicas que desarrolla ASOMA para el desarrollo y crecimiento del sector mobiliario en Argentina y la regi\u00f3n. Se trata de una serie de acciones que tienen como eje estrat\u00e9gico com\u00fan al dise\u00f1o en general y el dise\u00f1o de mobiliario en particular.<\/span><\/p><p><span style=\"color: #000000;\">Una de las principales acciones, es \u201cLos premios ASOMA al dise\u00f1o de muebles\u201d. Establecidos en 2022 los premios ASOMA al dise\u00f1o, buscan destacar y valorar los aportes originales, de calidad y innovadores en torno al dise\u00f1o y la producci\u00f3n de muebles. Estos premios destacan a los dise\u00f1adores y sus productos. Siempre con la intenci\u00f3n de destacar la producci\u00f3n local, original y de calidad.<\/span><\/p><p><span style=\"color: #000000;\">El Sal\u00f3n del Mueble es un espacio de exposici\u00f3n de productos individuales, al cu\u00e1l pueden postular tanto, dise\u00f1adores independientes, auto-productores o empresas productoras de muebles.<\/span><\/p><p><strong style=\"color: #000000;\">Condiciones de participaci\u00f3n: <\/strong><span style=\"font-weight: 400; color: #000000;\">Se podr\u00e1n postular productos de dise\u00f1o original y propio. Ya sea de un dise\u00f1ador independiente o de una empresa productora.<\/span><\/p><p>\u00a0<\/p>\t\t\t\t\t\t\t\t<\/div>\n\t\t\t\t<\/div>\n\t\t\t\t<div class=\"elementor-element elementor-element-a546d3e elementor-widget elementor-widget-heading\" data-id=\"a546d3e\" data-element_type=\"widget\" data-e-type=\"widget\" data-widget_type=\"heading.default\">\n\t\t\t\t<div class=\"elementor-widget-container\">\n\t\t\t\t\t<h1 class=\"elementor-heading-title elementor-size-default\"><span style=\"color: #000000\"><strong>\u00bfQui\u00e9n puede participar?<\/strong><\/span><\/h1>\t\t\t\t<\/div>\n\t\t\t\t<\/div>\n\t\t\t\t<div class=\"elementor-element elementor-element-1cd24f5 elementor-widget elementor-widget-text-editor\" data-id=\"1cd24f5\" data-element_type=\"widget\" data-e-type=\"widget\" data-widget_type=\"text-editor.default\">\n\t\t\t\t<div class=\"elementor-widget-container\">\n\t\t\t\t\t\t\t\t\t<p><span style=\"font-weight: 400; color: #000000;\">Dise\u00f1adores en todas las especificidades que habiten el territorio argentino.\u00a0<\/span><\/p>\t\t\t\t\t\t\t\t<\/div>\n\t\t\t\t<\/div>\n\t\t\t\t<div class=\"elementor-element elementor-element-7b97822 elementor-widget elementor-widget-heading\" data-id=\"7b97822\" data-element_type=\"widget\" data-e-type=\"widget\" data-widget_type=\"heading.default\">\n\t\t\t\t<div class=\"elementor-widget-container\">\n\t\t\t\t\t<h1 class=\"elementor-heading-title elementor-size-default\"><span style=\"color: #000000\"><strong>\u00bfCON Qu\u00e9 productos PUEDO participaR?<\/strong><\/span><\/h1>\t\t\t\t<\/div>\n\t\t\t\t<\/div>\n\t\t\t\t<div class=\"elementor-element elementor-element-e054abf elementor-widget elementor-widget-text-editor\" data-id=\"e054abf\" data-element_type=\"widget\" data-e-type=\"widget\" data-widget_type=\"text-editor.default\">\n\t\t\t\t<div class=\"elementor-widget-container\">\n\t\t\t\t\t\t\t\t\t<p><span style=\"font-weight: 400; color: #000000;\">S\u00f3lo podr\u00e1n presentarse trabajos producidos o implementados que hayan -al menos- arribado a la etapa prototipos. <\/span><\/p><p><span style=\"font-weight: 400; color: #000000;\">Por tanto, el producto debe estar ejecutado, fabricado y producido (y sea autoproducci\u00f3n, tercerizado, o industrializado) o en v\u00edas de comercializaci\u00f3n.<\/span><\/p><p><span style=\"font-weight: 400; color: #000000;\">Proyectos dise\u00f1ados, producidos o comercializados en los tres \u00faltimos a\u00f1os, por dise\u00f1adores o empresas y sus dise\u00f1adores.<\/span><\/p><p><span style=\"font-weight: 400; color: #000000;\">Las empresas podr\u00e1n presentar trabajos realizados por dise\u00f1adores en plantilla o externos.<\/span><\/p><p><strong><span style=\"color: #000000;\">DEBER\u00c1N PRESENTARSE SOLO MUBLES, AUTOPORTANTES.\u00a0<\/span><\/strong><\/p><p><strong><span style=\"color: #000000;\">NO PUEDEN PARTICPAR PRODUCTOS DE ILUMINACI\u00d3N.<\/span><\/strong><\/p>\t\t\t\t\t\t\t\t<\/div>\n\t\t\t\t<\/div>\n\t\t\t\t<div class=\"elementor-element elementor-element-23b4954 elementor-widget elementor-widget-heading\" data-id=\"23b4954\" data-element_type=\"widget\" data-e-type=\"widget\" data-widget_type=\"heading.default\">\n\t\t\t\t<div class=\"elementor-widget-container\">\n\t\t\t\t\t<h1 class=\"elementor-heading-title elementor-size-default\"><span style=\"color: #000000\"><strong>\u00bfC\u00f3mo participar?<\/strong><\/span><\/h1>\t\t\t\t<\/div>\n\t\t\t\t<\/div>\n\t\t\t\t<div class=\"elementor-element elementor-element-23790e7 elementor-widget elementor-widget-text-editor\" data-id=\"23790e7\" data-element_type=\"widget\" data-e-type=\"widget\" data-widget_type=\"text-editor.default\">\n\t\t\t\t<div class=\"elementor-widget-container\">\n\t\t\t\t\t\t\t\t\t<p><span style=\"font-weight: 400; color: #000000;\">Los dise\u00f1adores o empresas interesadas, deben completar el formulario (colocar aqu\u00ed link al formulario). Los productos enviados ser\u00e1n evaluados por un comit\u00e9 asesor y notificados los postulantes por mail, si fueron seleccionados para integrar la exposici\u00f3n.<\/span><\/p>\t\t\t\t\t\t\t\t<\/div>\n\t\t\t\t<\/div>\n\t\t\t\t<div class=\"elementor-element elementor-element-fe444eb elementor-widget elementor-widget-heading\" data-id=\"fe444eb\" data-element_type=\"widget\" data-e-type=\"widget\" data-widget_type=\"heading.default\">\n\t\t\t\t<div class=\"elementor-widget-container\">\n\t\t\t\t\t<h1 class=\"elementor-heading-title elementor-size-default\">\u00bfCosto de participaci\u00f3n?\n<\/h1>\t\t\t\t<\/div>\n\t\t\t\t<\/div>\n\t\t\t\t<div class=\"elementor-element elementor-element-43673e9 elementor-widget elementor-widget-text-editor\" data-id=\"43673e9\" data-element_type=\"widget\" data-e-type=\"widget\" data-widget_type=\"text-editor.default\">\n\t\t\t\t<div class=\"elementor-widget-container\">\n\t\t\t\t\t\t\t\t\t<p><span style=\"font-weight: 400; color: #000000;\">Para la edici\u00f3n 2026 no se prev\u00e9 costo de participaci\u00f3n en la exposici\u00f3n.<\/span><\/p>\t\t\t\t\t\t\t\t<\/div>\n\t\t\t\t<\/div>\n\t\t\t\t<div class=\"elementor-element elementor-element-56c9cdd elementor-widget elementor-widget-heading\" data-id=\"56c9cdd\" data-element_type=\"widget\" data-e-type=\"widget\" data-widget_type=\"heading.default\">\n\t\t\t\t<div class=\"elementor-widget-container\">\n\t\t\t\t\t<h1 class=\"elementor-heading-title elementor-size-default\">De la organizaci\u00f3n:<\/h1>\t\t\t\t<\/div>\n\t\t\t\t<\/div>\n\t\t\t\t<div class=\"elementor-element elementor-element-cc0a618 elementor-widget elementor-widget-text-editor\" data-id=\"cc0a618\" data-element_type=\"widget\" data-e-type=\"widget\" data-widget_type=\"text-editor.default\">\n\t\t\t\t<div class=\"elementor-widget-container\">\n\t\t\t\t\t\t\t\t\t<p><span style=\"color: #000000;\"><span style=\"font-weight: 400;\">Los productos seleccionados para ser <strong>expuestos<\/strong> deber\u00e1n ser enviados y entregados en PREDIO FERIAL FORJA. Mauricio Yadarola 1699, X5012 C\u00f3rdoba. <\/span><span style=\"font-weight: 400;\">Los d\u00edas 11 y 12 de MAYO DE 2026 en horario de 10:00 h a 18:00 h. Siendo responsabilidad del postulante el env\u00edo y el retiro del producto.<\/span><\/span><\/p><p><span style=\"font-weight: 400; color: #000000;\">Los productos, deberan ser <strong>retirados<\/strong> el d\u00eda 16 de mayo a partir de las 18:00h y el d\u00eda 17 de mayo de 9:00 a 14::00 en el mismo lugar donde fueron entregados. <\/span><\/p><p><span style=\"color: #000000;\"><strong>LA ORGANIZACI\u00d3N NO SE RESPONSABILIZA POR DA\u00d1OS OCURRIDOS EN EL TRASLADO, EXPOSICI\u00d3N Y POSTERIOR RETIRO DE LOS PRODUCTOS. <\/strong><\/span><\/p><p><span style=\"font-weight: 400; color: #000000;\">El participante o quien el designe deber\u00e1 desembalar el productos, como as\u00ed tambien prever el embalaje posterior para su retiro.<\/span><\/p>\t\t\t\t\t\t\t\t<\/div>\n\t\t\t\t<\/div>\n\t\t\t\t<div class=\"elementor-element elementor-element-5178a00 elementor-widget elementor-widget-heading\" data-id=\"5178a00\" data-element_type=\"widget\" data-e-type=\"widget\" data-widget_type=\"heading.default\">\n\t\t\t\t<div class=\"elementor-widget-container\">\n\t\t\t\t\t<h1 class=\"elementor-heading-title elementor-size-default\">De la exposici\u00f3n:<\/h1>\t\t\t\t<\/div>\n\t\t\t\t<\/div>\n\t\t\t\t<div class=\"elementor-element elementor-element-f8bf0f7 elementor-widget elementor-widget-text-editor\" data-id=\"f8bf0f7\" data-element_type=\"widget\" data-e-type=\"widget\" data-widget_type=\"text-editor.default\">\n\t\t\t\t<div class=\"elementor-widget-container\">\n\t\t\t\t\t\t\t\t\t<p><span style=\"font-weight: 400; color: #000000;\">Los productos ser\u00e1n expuestos en suelo, tarimas o sobre alfombra seg\u00fan la disponibilidad y cantidad de productos, ubicados seg\u00fan criterio de la curadur\u00eda de la muestra.<\/span><\/p><p><span style=\"font-weight: 400; color: #000000;\">Cada producto ser\u00e1 nominado de tal manera que coincida con el formulario completado por el postulante.<\/span><\/p>\t\t\t\t\t\t\t\t<\/div>\n\t\t\t\t<\/div>\n\t\t\t\t<div class=\"elementor-element elementor-element-9c3af21 elementor-widget elementor-widget-heading\" data-id=\"9c3af21\" data-element_type=\"widget\" data-e-type=\"widget\" data-widget_type=\"heading.default\">\n\t\t\t\t<div class=\"elementor-widget-container\">\n\t\t\t\t\t<h1 class=\"elementor-heading-title elementor-size-default\">De la premiaci\u00f3n:<\/h1>\t\t\t\t<\/div>\n\t\t\t\t<\/div>\n\t\t\t\t<div class=\"elementor-element elementor-element-9a92ac3 elementor-widget elementor-widget-text-editor\" data-id=\"9a92ac3\" data-element_type=\"widget\" data-e-type=\"widget\" data-widget_type=\"text-editor.default\">\n\t\t\t\t<div class=\"elementor-widget-container\">\n\t\t\t\t\t\t\t\t\t<p style=\"text-align: left;\"><span style=\"font-weight: 400; color: #000000;\">De los productos seleccionados, el jurado del SMA seleccionar\u00e1 un total de diez (10) productos -pudiendo el jurado seleccionar menos en caso que lo considere- para la fase final de los PREMIOS ASOMA a realizarse en lugar y fecha a definir en este 2026.<\/span><\/p>\t\t\t\t\t\t\t\t<\/div>\n\t\t\t\t<\/div>\n\t\t\t\t<div class=\"elementor-element elementor-element-e917110 elementor-widget elementor-widget-heading\" data-id=\"e917110\" data-element_type=\"widget\" data-e-type=\"widget\" data-widget_type=\"heading.default\">\n\t\t\t\t<div class=\"elementor-widget-container\">\n\t\t\t\t\t<h1 class=\"elementor-heading-title elementor-size-default\"><span style=\"color: #000000\"><strong>Criterios de la selecci\u00f3n de los productos.<\/strong><\/span><\/h1>\t\t\t\t<\/div>\n\t\t\t\t<\/div>\n\t\t\t\t<div class=\"elementor-element elementor-element-d482701 elementor-widget elementor-widget-text-editor\" data-id=\"d482701\" data-element_type=\"widget\" data-e-type=\"widget\" data-widget_type=\"text-editor.default\">\n\t\t\t\t<div class=\"elementor-widget-container\">\n\t\t\t\t\t\t\t\t\t<ul><li><span style=\"color: #000000;\">Grado de novedad del producto. Innovaci\u00f3n.<\/span><\/li><li><span style=\"color: #000000;\">Calidad est\u00e9tica y constructiva del mismo.<\/span><\/li><li><span style=\"color: #000000;\">Aporte novedoso a la tipolog\u00eda.<\/span><\/li><li><span style=\"color: #000000;\">Ergonom\u00eda, forma y funci\u00f3n.<\/span><\/li><li><span style=\"color: #000000;\">Sem\u00e1ntica y significado del producto.<\/span><\/li><li><span style=\"color: #000000;\">Aportes a la comercializaci\u00f3n, log\u00edstica, productividad y comunicaci\u00f3n.<\/span><\/li><li><span style=\"color: #000000;\">Aportes a la sustentabilidad en todas o algunas de las fases del producto.<\/span><\/li><\/ul><p><span style=\"color: #000000;\"><strong>Del Jurado<br \/><\/strong><span style=\"font-weight: 400;\">El jurado estar\u00e1 integrado por un n\u00famero impar de personas, los que estar\u00e1n seleccionados desde la RED FEDERAL DE DISE\u00d1O -ver redes del SMA-\u00a0 y ser\u00e1n comunicados oportunamente. Garantizando la imparcialidad y pluralidad del mismo.<\/span><br \/><\/span><\/p>\t\t\t\t\t\t\t\t<\/div>\n\t\t\t\t<\/div>\n\t\t\t\t<div class=\"elementor-element elementor-element-a66822e elementor-widget elementor-widget-heading\" data-id=\"a66822e\" data-element_type=\"widget\" data-e-type=\"widget\" data-widget_type=\"heading.default\">\n\t\t\t\t<div class=\"elementor-widget-container\">\n\t\t\t\t\t<h1 class=\"elementor-heading-title elementor-size-default\">SMA FASE C\u00d3RDOBA \n<\/h1>\t\t\t\t<\/div>\n\t\t\t\t<\/div>\n\t\t\t\t<div class=\"elementor-element elementor-element-c4ce767 elementor-widget elementor-widget-text-editor\" data-id=\"c4ce767\" data-element_type=\"widget\" data-e-type=\"widget\" data-widget_type=\"text-editor.default\">\n\t\t\t\t<div class=\"elementor-widget-container\">\n\t\t\t\t\t\t\t\t\t<p style=\"text-align: left;\"><span style=\"font-weight: 400; color: #000000;\">El Sal\u00f3n del Mueble Argentino se realizar\u00e1 desde el d\u00eda 13 de mayo al 16 de MAYO de 2026 en el PREDIO FERIAL FORJA, Mauricio Yadarola 1699, X5012 C\u00f3rdoba<\/span><\/p>\t\t\t\t\t\t\t\t<\/div>\n\t\t\t\t<\/div>\n\t\t\t\t<div class=\"elementor-element elementor-element-c9f13e0 elementor-shape-rounded elementor-grid-0 e-grid-align-center elementor-widget elementor-widget-social-icons\" data-id=\"c9f13e0\" data-element_type=\"widget\" data-e-type=\"widget\" data-widget_type=\"social-icons.default\">\n\t\t\t\t<div class=\"elementor-widget-container\">\n\t\t\t\t\t\t\t<div class=\"elementor-social-icons-wrapper elementor-grid\" role=\"list\">\n\t\t\t\t\t\t\t<span class=\"elementor-grid-item\" role=\"listitem\">\n\t\t\t\t\t<a class=\"elementor-icon elementor-social-icon elementor-social-icon-instagram elementor-repeater-item-9d5ecd1\" href=\"https:\/\/www.instagram.com\/salondelmuebleargentino?utm_source=ig_web_button_share_sheet&#038;igsh=ZDNlZDc0MzIxNw==\" target=\"_blank\">\n\t\t\t\t\t\t<span class=\"elementor-screen-only\">Instagram<\/span>\n\t\t\t\t\t\t<svg aria-hidden=\"true\" class=\"e-font-icon-svg e-fab-instagram\" viewBox=\"0 0 448 512\" xmlns=\"http:\/\/www.w3.org\/2000\/svg\"><path d=\"M224.1 141c-63.6 0-114.9 51.3-114.9 114.9s51.3 114.9 114.9 114.9S339 319.5 339 255.9 287.7 141 224.1 141zm0 189.6c-41.1 0-74.7-33.5-74.7-74.7s33.5-74.7 74.7-74.7 74.7 33.5 74.7 74.7-33.6 74.7-74.7 74.7zm146.4-194.3c0 14.9-12 26.8-26.8 26.8-14.9 0-26.8-12-26.8-26.8s12-26.8 26.8-26.8 26.8 12 26.8 26.8zm76.1 27.2c-1.7-35.9-9.9-67.7-36.2-93.9-26.2-26.2-58-34.4-93.9-36.2-37-2.1-147.9-2.1-184.9 0-35.8 1.7-67.6 9.9-93.9 36.1s-34.4 58-36.2 93.9c-2.1 37-2.1 147.9 0 184.9 1.7 35.9 9.9 67.7 36.2 93.9s58 34.4 93.9 36.2c37 2.1 147.9 2.1 184.9 0 35.9-1.7 67.7-9.9 93.9-36.2 26.2-26.2 34.4-58 36.2-93.9 2.1-37 2.1-147.8 0-184.8zM398.8 388c-7.8 19.6-22.9 34.7-42.6 42.6-29.5 11.7-99.5 9-132.1 9s-102.7 2.6-132.1-9c-19.6-7.8-34.7-22.9-42.6-42.6-11.7-29.5-9-99.5-9-132.1s-2.6-102.7 9-132.1c7.8-19.6 22.9-34.7 42.6-42.6 29.5-11.7 99.5-9 132.1-9s102.7-2.6 132.1 9c19.6 7.8 34.7 22.9 42.6 42.6 11.7 29.5 9 99.5 9 132.1s2.7 102.7-9 132.1z\"><\/path><\/svg>\t\t\t\t\t<\/a>\n\t\t\t\t<\/span>\n\t\t\t\t\t\t\t<span class=\"elementor-grid-item\" role=\"listitem\">\n\t\t\t\t\t<a class=\"elementor-icon elementor-social-icon elementor-social-icon-linkedin elementor-repeater-item-7b2677b\" href=\"https:\/\/www.linkedin.com\/company\/asociaci%C3%B3n-del-mueble-argentino-ar\/\" target=\"_blank\">\n\t\t\t\t\t\t<span class=\"elementor-screen-only\">Linkedin<\/span>\n\t\t\t\t\t\t<svg aria-hidden=\"true\" class=\"e-font-icon-svg e-fab-linkedin\" viewBox=\"0 0 448 512\" xmlns=\"http:\/\/www.w3.org\/2000\/svg\"><path d=\"M416 32H31.9C14.3 32 0 46.5 0 64.3v383.4C0 465.5 14.3 480 31.9 480H416c17.6 0 32-14.5 32-32.3V64.3c0-17.8-14.4-32.3-32-32.3zM135.4 416H69V202.2h66.5V416zm-33.2-243c-21.3 0-38.5-17.3-38.5-38.5S80.9 96 102.2 96c21.2 0 38.5 17.3 38.5 38.5 0 21.3-17.2 38.5-38.5 38.5zm282.1 243h-66.4V312c0-24.8-.5-56.7-34.5-56.7-34.6 0-39.9 27-39.9 54.9V416h-66.4V202.2h63.7v29.2h.9c8.9-16.8 30.6-34.5 62.9-34.5 67.2 0 79.7 44.3 79.7 101.9V416z\"><\/path><\/svg>\t\t\t\t\t<\/a>\n\t\t\t\t<\/span>\n\t\t\t\t\t\t\t<span class=\"elementor-grid-item\" role=\"listitem\">\n\t\t\t\t\t<a class=\"elementor-icon elementor-social-icon elementor-social-icon-envelope elementor-repeater-item-7950b56\" href=\"http:\/\/info@fimar.com.ar\" target=\"_blank\">\n\t\t\t\t\t\t<span class=\"elementor-screen-only\">Envelope<\/span>\n\t\t\t\t\t\t<svg aria-hidden=\"true\" class=\"e-font-icon-svg e-fas-envelope\" viewBox=\"0 0 512 512\" xmlns=\"http:\/\/www.w3.org\/2000\/svg\"><path d=\"M502.3 190.8c3.9-3.1 9.7-.2 9.7 4.7V400c0 26.5-21.5 48-48 48H48c-26.5 0-48-21.5-48-48V195.6c0-5 5.7-7.8 9.7-4.7 22.4 17.4 52.1 39.5 154.1 113.6 21.1 15.4 56.7 47.8 92.2 47.6 35.7.3 72-32.8 92.3-47.6 102-74.1 131.6-96.3 154-113.7zM256 320c23.2.4 56.6-29.2 73.4-41.4 132.7-96.3 142.8-104.7 173.4-128.7 5.8-4.5 9.2-11.5 9.2-18.9v-19c0-26.5-21.5-48-48-48H48C21.5 64 0 85.5 0 112v19c0 7.4 3.4 14.3 9.2 18.9 30.6 23.9 40.7 32.4 173.4 128.7 16.8 12.2 50.2 41.8 73.4 41.4z\"><\/path><\/svg>\t\t\t\t\t<\/a>\n\t\t\t\t<\/span>\n\t\t\t\t\t<\/div>\n\t\t\t\t\t\t<\/div>\n\t\t\t\t<\/div>\n\t\t\t\t<div class=\"elementor-element elementor-element-a175406 elementor-widget elementor-widget-spacer\" data-id=\"a175406\" data-element_type=\"widget\" data-e-type=\"widget\" data-widget_type=\"spacer.default\">\n\t\t\t\t<div class=\"elementor-widget-container\">\n\t\t\t\t\t\t\t<div class=\"elementor-spacer\">\n\t\t\t<div class=\"elementor-spacer-inner\"><\/div>\n\t\t<\/div>\n\t\t\t\t\t\t<\/div>\n\t\t\t\t<\/div>\n\t\t\t\t\t<\/div>\n\t\t\t\t<\/div>\n\t\t<div class=\"elementor-element elementor-element-3eaa0b2 e-flex e-con-boxed e-con e-parent\" data-id=\"3eaa0b2\" data-element_type=\"container\" data-e-type=\"container\">\n\t\t\t\t\t<div class=\"e-con-inner\">\n\t\t\t\t<div class=\"elementor-element elementor-element-01e6ae0 elementor-align-justify elementor-widget elementor-widget-button\" data-id=\"01e6ae0\" data-element_type=\"widget\" data-e-type=\"widget\" data-widget_type=\"button.default\">\n\t\t\t\t<div class=\"elementor-widget-container\">\n\t\t\t\t\t\t\t\t\t<div class=\"elementor-button-wrapper\">\n\t\t\t\t\t<a class=\"elementor-button elementor-button-link elementor-size-sm\" href=\"https:\/\/forms.gle\/PJffZqeK3GrTwZdq8\" target=\"_blank\">\n\t\t\t\t\t\t<span class=\"elementor-button-content-wrapper\">\n\t\t\t\t\t\t\t\t\t<span class=\"elementor-button-text\">\u00a1POSTULATE ACA!<\/span>\n\t\t\t\t\t<\/span>\n\t\t\t\t\t<\/a>\n\t\t\t\t<\/div>\n\t\t\t\t\t\t\t\t<\/div>\n\t\t\t\t<\/div>\n\t\t\t\t\t<\/div>\n\t\t\t\t<\/div>\n\t\t\t\t<\/div>\n\t\t","protected":false},"excerpt":{"rendered":"<p>SMA 2026 | 19\u00b0 EDICI\u00d3N BASES Y CONDICIONES \u00bfQu\u00e9 es el SMA? SMA es el Sal\u00f3n del Mueble Asoma, es una de las l\u00edneas estrat\u00e9gicas que desarrolla ASOMA para el desarrollo y crecimiento del sector mobiliario en Argentina y la regi\u00f3n. Se trata de una serie de acciones que tienen como eje estrat\u00e9gico com\u00fan al &#8230; <a title=\"4 BASES Y CONDICIONES SMA\" class=\"read-more\" href=\"https:\/\/fimar.com.ar\/expo\/4-bases-y-condiciones-sma\/\" aria-label=\"M\u00e1s en 4 BASES Y CONDICIONES SMA\">Leer m\u00e1s<\/a><\/p>\n","protected":false},"author":2,"featured_media":0,"parent":0,"menu_order":0,"comment_status":"closed","ping_status":"closed","template":"elementor_canvas","meta":{"footnotes":""},"class_list":["post-1190","page","type-page","status-publish"],"_links":{"self":[{"href":"https:\/\/fimar.com.ar\/expo\/wp-json\/wp\/v2\/pages\/1190","targetHints":{"allow":["GET"]}}],"collection":[{"href":"https:\/\/fimar.com.ar\/expo\/wp-json\/wp\/v2\/pages"}],"about":[{"href":"https:\/\/fimar.com.ar\/expo\/wp-json\/wp\/v2\/types\/page"}],"author":[{"embeddable":true,"href":"https:\/\/fimar.com.ar\/expo\/wp-json\/wp\/v2\/users\/2"}],"replies":[{"embeddable":true,"href":"https:\/\/fimar.com.ar\/expo\/wp-json\/wp\/v2\/comments?post=1190"}],"version-history":[{"count":18,"href":"https:\/\/fimar.com.ar\/expo\/wp-json\/wp\/v2\/pages\/1190\/revisions"}],"predecessor-version":[{"id":1493,"href":"https:\/\/fimar.com.ar\/expo\/wp-json\/wp\/v2\/pages\/1190\/revisions\/1493"}],"wp:attachment":[{"href":"https:\/\/fimar.com.ar\/expo\/wp-json\/wp\/v2\/media?parent=1190"}],"curies":[{"name":"wp","href":"https:\/\/api.w.org\/{rel}","templated":true}]}}